{"id":9,"date":"2025-03-21T17:56:56","date_gmt":"2025-03-21T17:56:56","guid":{"rendered":"https:\/\/huellasmexicanas.com.mx\/?page_id=9"},"modified":"2025-03-21T18:56:34","modified_gmt":"2025-03-21T18:56:34","slug":"9-2","status":"publish","type":"page","link":"https:\/\/huellasmexicanas.com.mx\/","title":{"rendered":"Inicio"},"content":{"rendered":"<p>[et_pb_section fb_built=&#8221;1&#8243; admin_label=&#8221;Hero Section&#8221; _builder_version=&#8221;4.27.4&#8243; use_background_color_gradient=&#8221;on&#8221; background_color_gradient_direction=&#8221;90deg&#8221; background_color_gradient_stops=&#8221;#f4f0e9 30%|rgba(244,240,233,0) 100%&#8221; background_color_gradient_overlays_image=&#8221;on&#8221; background_color_gradient_start=&#8221;#f4f0e9&#8243; background_color_gradient_start_position=&#8221;30%&#8221; background_color_gradient_end=&#8221;rgba(244,240,233,0)&#8221; background_image=&#8221;https:\/\/huellasmexicanas.com.mx\/wp-content\/uploads\/2025\/03\/pexels-vitor-gusmao-shimabukuro-1110669-2104044-scaled.jpg&#8221; custom_margin=&#8221;|||&#8221; custom_padding=&#8221;0.3%|0px|14%|0px||&#8221; global_colors_info=&#8221;{}&#8221;][et_pb_row custom_padding_last_edited=&#8221;off|desktop&#8221; admin_label=&#8221;Hero Area&#8221; _builder_version=&#8221;4.16&#8243; custom_padding=&#8221;27px|0px|0px|0px&#8221; global_colors_info=&#8221;{}&#8221;][et_pb_column type=&#8221;4_4&#8243; _builder_version=&#8221;4.16&#8243; custom_padding=&#8221;|||&#8221; global_colors_info=&#8221;{}&#8221; custom_padding__hover=&#8221;|||&#8221;][et_pb_text admin_label=&#8221;Hero Title&#8221; _builder_version=&#8221;4.27.4&#8243; text_font=&#8221;Playfair Display||||||||&#8221; text_text_color=&#8221;#242424&#8243; text_font_size=&#8221;21px&#8221; header_font=&#8221;Alice||||||||&#8221; header_font_size=&#8221;87px&#8221; header_letter_spacing=&#8221;-3px&#8221; header_line_height=&#8221;1.1em&#8221; animation_style=&#8221;slide&#8221; animation_direction=&#8221;left&#8221; animation_intensity_slide=&#8221;5%&#8221; animation_starting_opacity=&#8221;100%&#8221; hover_enabled=&#8221;0&#8243; text_font_size_last_edited=&#8221;off|desktop&#8221; header_font_size_tablet=&#8221;&#8221; header_font_size_phone=&#8221;60px&#8221; header_font_size_last_edited=&#8221;on|phone&#8221; global_colors_info=&#8221;{}&#8221; sticky_enabled=&#8221;0&#8243;]<\/p>\n<h1>We\u2019re Updating Our Website<\/h1>\n<p>Our website huellasmexicanas.com.mx is temporarily down while we work on providing you with a faster, smoother, and more enjoyable experience.<\/p>\n<p>\u2728 But don\u2019t worry! All our operations and travel schedules are running as usual. If you have a booking, rest assured \u2014 your trip will proceed without any changes.<\/p>\n<p>If you have any questions, please feel free to contact us at direccion@huellasmexicanas.com.mx. We\u2019re here to help.<\/p>\n<p>Thank you for your patience and for being part of Huellas Mexicanas! We\u2019re excited to share our new website with you soon.<\/p>\n<p>The Huellas\u00a0Mexicanas\u00a0Team<br \/>https:\/\/www.instagram.com\/huellasmexicanas\/<\/p>\n<p>[\/et_pb_text][et_pb_divider _builder_version=&#8221;4.27.4&#8243; _module_preset=&#8221;default&#8221; hover_enabled=&#8221;0&#8243; sticky_enabled=&#8221;0&#8243;][\/et_pb_divider][et_pb_text admin_label=&#8221;Hero Title&#8221; _builder_version=&#8221;4.27.4&#8243; text_font=&#8221;Playfair Display||||||||&#8221; text_text_color=&#8221;#242424&#8243; text_font_size=&#8221;21px&#8221; header_font=&#8221;Alice||||||||&#8221; header_font_size=&#8221;87px&#8221; header_letter_spacing=&#8221;-3px&#8221; header_line_height=&#8221;1.1em&#8221; animation_style=&#8221;slide&#8221; animation_direction=&#8221;left&#8221; animation_intensity_slide=&#8221;5%&#8221; animation_starting_opacity=&#8221;100%&#8221; hover_enabled=&#8221;0&#8243; text_font_size_last_edited=&#8221;off|desktop&#8221; header_font_size_tablet=&#8221;&#8221; header_font_size_phone=&#8221;60px&#8221; header_font_size_last_edited=&#8221;on|phone&#8221; global_colors_info=&#8221;{}&#8221; sticky_enabled=&#8221;0&#8243;]<\/p>\n<h1>Estamos Renovando Nuestra P\u00e1gina<\/h1>\n<p>Nuestro sitio web huellasmexicanas.com.mx se encuentra temporalmente en pausa mientras trabajamos para ofrecerte una experiencia m\u00e1s \u00e1gil y con nuevas mejoras. Queremos asegurarnos de que tu navegaci\u00f3n sea m\u00e1s r\u00e1pida, sencilla y agradable.<\/p>\n<p>\u2728 \u00a1Pero no te preocupes! Todas nuestras operaciones y programaci\u00f3n de viajes contin\u00faan con total normalidad. Si tienes una reserva, puedes estar tranquilo: tu experiencia sigue en marcha sin ning\u00fan cambio.<\/p>\n<p>Si tienes alguna pregunta, no dudes en contactarnos en direccion@huellasmexicanas.com.mx. Estamos aqu\u00ed para ayudarte.<\/p>\n<p>\u00a1Gracias por tu paciencia y por ser parte de Huellas Mexicanas! Estamos emocionados de mostrarte pronto nuestro nuevo sitio.<\/p>\n<p>El equipo de Huellas Mexicanas<br \/>https:\/\/www.instagram.com\/huellasmexicanas\/<\/p>\n<p>[\/et_pb_text][\/et_pb_column][\/et_pb_row][\/et_pb_section]<\/p>\n","protected":false},"excerpt":{"rendered":"<p>We\u2019re Updating Our Website Our website huellasmexicanas.com.mx is temporarily down while we work on providing you with a faster, smoother, and more enjoyable experience. \u2728 But don\u2019t worry! All our operations and travel schedules are running as usual. If you have a booking, rest assured \u2014 your trip will proceed without any changes. If you [&hellip;]<\/p>\n","protected":false},"author":1,"featured_media":0,"parent":0,"menu_order":0,"comment_status":"closed","ping_status":"closed","template":"","meta":{"_et_pb_use_builder":"on","_et_pb_old_content":"","_et_gb_content_width":"","footnotes":""},"class_list":["post-9","page","type-page","status-publish","hentry"],"_links":{"self":[{"href":"https:\/\/huellasmexicanas.com.mx\/index.php\/wp-json\/wp\/v2\/pages\/9","targetHints":{"allow":["GET"]}}],"collection":[{"href":"https:\/\/huellasmexicanas.com.mx\/index.php\/wp-json\/wp\/v2\/pages"}],"about":[{"href":"https:\/\/huellasmexicanas.com.mx\/index.php\/wp-json\/wp\/v2\/types\/page"}],"author":[{"embeddable":true,"href":"https:\/\/huellasmexicanas.com.mx\/index.php\/wp-json\/wp\/v2\/users\/1"}],"replies":[{"embeddable":true,"href":"https:\/\/huellasmexicanas.com.mx\/index.php\/wp-json\/wp\/v2\/comments?post=9"}],"version-history":[{"count":6,"href":"https:\/\/huellasmexicanas.com.mx\/index.php\/wp-json\/wp\/v2\/pages\/9\/revisions"}],"predecessor-version":[{"id":40,"href":"https:\/\/huellasmexicanas.com.mx\/index.php\/wp-json\/wp\/v2\/pages\/9\/revisions\/40"}],"wp:attachment":[{"href":"https:\/\/huellasmexicanas.com.mx\/index.php\/wp-json\/wp\/v2\/media?parent=9"}],"curies":[{"name":"wp","href":"https:\/\/api.w.org\/{rel}","templated":true}]}}